{"id":178,"date":"2018-10-19T21:42:56","date_gmt":"2018-10-19T19:42:56","guid":{"rendered":"http:\/\/definition.nanninga.myds.me\/?page_id=178"},"modified":"2021-12-06T09:20:07","modified_gmt":"2021-12-06T08:20:07","slug":"20-bend-the-line","status":"publish","type":"page","link":"https:\/\/definition.nanninga.me\/fd\/basic-1-10-20\/20-bend-the-line\/","title":{"rendered":"20. Bend the Line"},"content":{"rendered":"<ul>\n<li>90 Grad Drehung als Paar zur Mitte der Linie<\/li>\n<li>Merksatz; &#8222;Mitten zur\u00fcck; Ends vorw\u00e4rts&#8220; d.h. die Ends gehen vorw\u00e4rts; das Paar bleibt nebeneinander; die Centers gehen damit etwas r\u00fcckw\u00e4rts<\/li>\n<li>Ergebnis: wieder eine neue Linie<\/li>\n<\/ul>\n<div style=\"width: 640px;\" class=\"wp-video\"><video class=\"wp-video-shortcode\" id=\"video-178-1\" width=\"640\" height=\"480\" preload=\"metadata\" controls=\"controls\"><source type=\"video\/mp4\" src=\"https:\/\/definition.nanninga.me\/wp-content\/uploads\/2019\/02\/B20-Bend-the-line.mp4?_=1\" \/><a href=\"https:\/\/definition.nanninga.me\/wp-content\/uploads\/2019\/02\/B20-Bend-the-line.mp4\">https:\/\/definition.nanninga.me\/wp-content\/uploads\/2019\/02\/B20-Bend-the-line.mp4<\/a><\/video><\/div>\n<p>Besonderheiten:<\/p>\n<ul>\n<li>Aus einer Tidal Formation (alle 8 T\u00e4nzer nebeneinander)<\/li>\n<li>Auch 8 T\u00e4nzer aus Tidal Line<\/li>\n<li>Auch an Aussenseite des Squares nach Circulate 1-1\/2<\/li>\n<\/ul>\n<div style=\"width: 332px;\" class=\"wp-video\"><video class=\"wp-video-shortcode\" id=\"video-178-2\" width=\"332\" height=\"304\" preload=\"metadata\" controls=\"controls\"><source type=\"video\/mp4\" src=\"https:\/\/definition.nanninga.me\/wp-content\/uploads\/2019\/02\/B20-Bend-the-line-anim.mp4?_=2\" \/><a href=\"https:\/\/definition.nanninga.me\/wp-content\/uploads\/2019\/02\/B20-Bend-the-line-anim.mp4\">https:\/\/definition.nanninga.me\/wp-content\/uploads\/2019\/02\/B20-Bend-the-line-anim.mp4<\/a><\/video><\/div>\n<div class=\"pdfprnt-buttons pdfprnt-buttons-page pdfprnt-bottom-left\"><a href=\"https:\/\/definition.nanninga.me\/fd\/wp-json\/wp\/v2\/pages\/178?print=print\" class=\"pdfprnt-button pdfprnt-button-print\" target=\"_blank\" ><img decoding=\"async\" src=\"https:\/\/definition.nanninga.me\/wp-content\/plugins\/pdf-print\/images\/print.png\" alt=\"image_print\" title=\"Inhalt drucken\" \/><span class=\"pdfprnt-button-title pdfprnt-button-print-title\">Print Page<\/span><\/a><\/div>","protected":false},"excerpt":{"rendered":"<p>90 Grad Drehung als Paar zur Mitte der Linie Merksatz; &#8222;Mitten zur\u00fcck; Ends vorw\u00e4rts&#8220; d.h. die Ends gehen vorw\u00e4rts; das Paar bleibt nebeneinander; die Centers gehen damit etwas r\u00fcckw\u00e4rts Ergebnis: wieder eine neue Linie Besonderheiten: Aus einer Tidal Formation (alle <span class=\"excerpt-dots\">&hellip;<\/span> <a class=\"more-link\" href=\"https:\/\/definition.nanninga.me\/fd\/basic-1-10-20\/20-bend-the-line\/\"><span class=\"more-msg\">Weiterlesen &rarr;<\/span><\/a><\/p>\n","protected":false},"author":1,"featured_media":0,"parent":120,"menu_order":0,"comment_status":"closed","ping_status":"closed","template":"","meta":{"footnotes":""},"class_list":["post-178","page","type-page","status-publish","hentry"],"translation":{"provider":"WPGlobus","version":"3.0.2","language":"fd","enabled_languages":["de","en","fd"],"languages":{"de":{"title":true,"content":true,"excerpt":false},"en":{"title":true,"content":true,"excerpt":false},"fd":{"title":true,"content":true,"excerpt":false}}},"_links":{"self":[{"href":"https:\/\/definition.nanninga.me\/fd\/wp-json\/wp\/v2\/pages\/178","targetHints":{"allow":["GET"]}}],"collection":[{"href":"https:\/\/definition.nanninga.me\/fd\/wp-json\/wp\/v2\/pages"}],"about":[{"href":"https:\/\/definition.nanninga.me\/fd\/wp-json\/wp\/v2\/types\/page"}],"author":[{"embeddable":true,"href":"https:\/\/definition.nanninga.me\/fd\/wp-json\/wp\/v2\/users\/1"}],"replies":[{"embeddable":true,"href":"https:\/\/definition.nanninga.me\/fd\/wp-json\/wp\/v2\/comments?post=178"}],"version-history":[{"count":12,"href":"https:\/\/definition.nanninga.me\/fd\/wp-json\/wp\/v2\/pages\/178\/revisions"}],"predecessor-version":[{"id":2223,"href":"https:\/\/definition.nanninga.me\/fd\/wp-json\/wp\/v2\/pages\/178\/revisions\/2223"}],"up":[{"embeddable":true,"href":"https:\/\/definition.nanninga.me\/fd\/wp-json\/wp\/v2\/pages\/120"}],"wp:attachment":[{"href":"https:\/\/definition.nanninga.me\/fd\/wp-json\/wp\/v2\/media?parent=178"}],"curies":[{"name":"wp","href":"https:\/\/api.w.org\/{rel}","templated":true}]}}