{"id":172,"date":"2018-10-19T21:38:58","date_gmt":"2018-10-19T19:38:58","guid":{"rendered":"http:\/\/definition.nanninga.myds.me\/?page_id=172"},"modified":"2021-12-06T09:14:18","modified_gmt":"2021-12-06T08:14:18","slug":"19-veer-left-veer-right","status":"publish","type":"page","link":"https:\/\/definition.nanninga.me\/fd\/basic-1-10-20\/19-veer-left-veer-right\/","title":{"rendered":"19. Veer Left \/ Veer Right"},"content":{"rendered":"<ul>\n<li>Eigentlich 2 Versionen<\/li>\n<li>a) Paare sehen sich an: Als PAAR nach rechts\/links vorw\u00e4rts gehen; Ergebnis eine 2-Faced Line<\/li>\n<li>b) 2 Faced Line: Als Paar nach rechts\/links vorw\u00e4rts gehen: Ergebnis Paare R\u00fccken an R\u00fccken<\/li>\n<\/ul>\n<div style=\"width: 640px;\" class=\"wp-video\"><video class=\"wp-video-shortcode\" id=\"video-172-1\" width=\"640\" height=\"480\" preload=\"metadata\" controls=\"controls\"><source type=\"video\/mp4\" src=\"https:\/\/definition.nanninga.me\/wp-content\/uploads\/2019\/02\/B19-Veer-Left-Right.mp4?_=1\" \/><a href=\"https:\/\/definition.nanninga.me\/wp-content\/uploads\/2019\/02\/B19-Veer-Left-Right.mp4\">https:\/\/definition.nanninga.me\/wp-content\/uploads\/2019\/02\/B19-Veer-Left-Right.mp4<\/a><\/video><\/div>\n<div class=\"pdfprnt-buttons pdfprnt-buttons-page pdfprnt-bottom-left\"><a href=\"https:\/\/definition.nanninga.me\/fd\/wp-json\/wp\/v2\/pages\/172?print=print\" class=\"pdfprnt-button pdfprnt-button-print\" target=\"_blank\" ><img decoding=\"async\" src=\"https:\/\/definition.nanninga.me\/wp-content\/plugins\/pdf-print\/images\/print.png\" alt=\"image_print\" title=\"Inhalt drucken\" \/><span class=\"pdfprnt-button-title pdfprnt-button-print-title\">Print Page<\/span><\/a><\/div>","protected":false},"excerpt":{"rendered":" <a class=\"more-link\" href=\"https:\/\/definition.nanninga.me\/fd\/basic-1-10-20\/19-veer-left-veer-right\/\"><span class=\"more-msg\">Weiterlesen &rarr;<\/span><\/a>","protected":false},"author":1,"featured_media":0,"parent":120,"menu_order":0,"comment_status":"closed","ping_status":"closed","template":"","meta":{"footnotes":""},"class_list":["post-172","page","type-page","status-publish","hentry"],"translation":{"provider":"WPGlobus","version":"3.0.2","language":"fd","enabled_languages":["de","en","fd"],"languages":{"de":{"title":true,"content":true,"excerpt":false},"en":{"title":true,"content":true,"excerpt":false},"fd":{"title":true,"content":true,"excerpt":false}}},"_links":{"self":[{"href":"https:\/\/definition.nanninga.me\/fd\/wp-json\/wp\/v2\/pages\/172","targetHints":{"allow":["GET"]}}],"collection":[{"href":"https:\/\/definition.nanninga.me\/fd\/wp-json\/wp\/v2\/pages"}],"about":[{"href":"https:\/\/definition.nanninga.me\/fd\/wp-json\/wp\/v2\/types\/page"}],"author":[{"embeddable":true,"href":"https:\/\/definition.nanninga.me\/fd\/wp-json\/wp\/v2\/users\/1"}],"replies":[{"embeddable":true,"href":"https:\/\/definition.nanninga.me\/fd\/wp-json\/wp\/v2\/comments?post=172"}],"version-history":[{"count":12,"href":"https:\/\/definition.nanninga.me\/fd\/wp-json\/wp\/v2\/pages\/172\/revisions"}],"predecessor-version":[{"id":2220,"href":"https:\/\/definition.nanninga.me\/fd\/wp-json\/wp\/v2\/pages\/172\/revisions\/2220"}],"up":[{"embeddable":true,"href":"https:\/\/definition.nanninga.me\/fd\/wp-json\/wp\/v2\/pages\/120"}],"wp:attachment":[{"href":"https:\/\/definition.nanninga.me\/fd\/wp-json\/wp\/v2\/media?parent=172"}],"curies":[{"name":"wp","href":"https:\/\/api.w.org\/{rel}","templated":true}]}}