{"id":166,"date":"2018-10-19T21:34:30","date_gmt":"2018-10-19T19:34:30","guid":{"rendered":"http:\/\/definition.nanninga.myds.me\/?page_id=166"},"modified":"2021-12-06T09:09:09","modified_gmt":"2021-12-06T08:09:09","slug":"18-lead-right","status":"publish","type":"page","link":"https:\/\/definition.nanninga.me\/fd\/basic-1-10-20\/18-lead-right\/","title":{"rendered":"18. Lead Right \/ Lead Left"},"content":{"rendered":"<ul>\n<li>Es arbeiten immer 2 Personen (Paar) zusammen; Boy\/Girl egal!<\/li>\n<li>Man geht 90 Grad vorw\u00e4rts, um ein anderes Paar anzusehen; bzw eine andere Wand anzusehen<\/li>\n<li>Meistens aus Squared Set (Man sieht dann anderes Paar)<\/li>\n<li>Seltener aus einer Box (man landet R\u00fccken an R\u00fccken)<\/li>\n<\/ul>\n<div style=\"width: 640px;\" class=\"wp-video\"><video class=\"wp-video-shortcode\" id=\"video-166-1\" width=\"640\" height=\"480\" preload=\"metadata\" controls=\"controls\"><source type=\"video\/mp4\" src=\"https:\/\/definition.nanninga.me\/wp-content\/uploads\/2019\/02\/B18-Lead-right.mp4?_=1\" \/><a href=\"https:\/\/definition.nanninga.me\/wp-content\/uploads\/2019\/02\/B18-Lead-right.mp4\">https:\/\/definition.nanninga.me\/wp-content\/uploads\/2019\/02\/B18-Lead-right.mp4<\/a><\/video><\/div>\n<ul>\n<li>Neuerdings wurde die Definition auch f\u00fcr Lead Left erweitert. Dies wurde zwar schon immer gecallt, war aber nicht in der Definition expliziert erw\u00e4hnt (\u00c4nderung 2021)<\/li>\n<li>Auch wird h\u00e4ufig vorher ein Promenade 1\/2 und dann Lead Left\/Right angesagt<\/li>\n<\/ul>\n<div style=\"width: 332px;\" class=\"wp-video\"><video class=\"wp-video-shortcode\" id=\"video-166-2\" width=\"332\" height=\"304\" preload=\"metadata\" controls=\"controls\"><source type=\"video\/mp4\" src=\"https:\/\/definition.nanninga.me\/wp-content\/uploads\/2019\/02\/B18-Lead-Left.mp4?_=2\" \/><a href=\"https:\/\/definition.nanninga.me\/wp-content\/uploads\/2019\/02\/B18-Lead-Left.mp4\">https:\/\/definition.nanninga.me\/wp-content\/uploads\/2019\/02\/B18-Lead-Left.mp4<\/a><\/video><\/div>\n<p>&nbsp;<\/p>\n<div class=\"pdfprnt-buttons pdfprnt-buttons-page pdfprnt-bottom-left\"><a href=\"https:\/\/definition.nanninga.me\/fd\/wp-json\/wp\/v2\/pages\/166?print=print\" class=\"pdfprnt-button pdfprnt-button-print\" target=\"_blank\" ><img decoding=\"async\" src=\"https:\/\/definition.nanninga.me\/wp-content\/plugins\/pdf-print\/images\/print.png\" alt=\"image_print\" title=\"Inhalt drucken\" \/><span class=\"pdfprnt-button-title pdfprnt-button-print-title\">Print Page<\/span><\/a><\/div>","protected":false},"excerpt":{"rendered":"<p>Es arbeiten immer 2 Personen (Paar) zusammen; Boy\/Girl egal! Man geht 90 Grad vorw\u00e4rts, um ein anderes Paar anzusehen; bzw eine andere Wand anzusehen Meistens aus Squared Set (Man sieht dann anderes Paar) Seltener aus einer Box (man landet R\u00fccken <span class=\"excerpt-dots\">&hellip;<\/span> <a class=\"more-link\" href=\"https:\/\/definition.nanninga.me\/fd\/basic-1-10-20\/18-lead-right\/\"><span class=\"more-msg\">Weiterlesen &rarr;<\/span><\/a><\/p>\n","protected":false},"author":1,"featured_media":0,"parent":120,"menu_order":0,"comment_status":"closed","ping_status":"closed","template":"","meta":{"footnotes":""},"class_list":["post-166","page","type-page","status-publish","hentry"],"translation":{"provider":"WPGlobus","version":"3.0.2","language":"fd","enabled_languages":["de","en","fd"],"languages":{"de":{"title":true,"content":true,"excerpt":false},"en":{"title":true,"content":true,"excerpt":false},"fd":{"title":true,"content":true,"excerpt":false}}},"_links":{"self":[{"href":"https:\/\/definition.nanninga.me\/fd\/wp-json\/wp\/v2\/pages\/166","targetHints":{"allow":["GET"]}}],"collection":[{"href":"https:\/\/definition.nanninga.me\/fd\/wp-json\/wp\/v2\/pages"}],"about":[{"href":"https:\/\/definition.nanninga.me\/fd\/wp-json\/wp\/v2\/types\/page"}],"author":[{"embeddable":true,"href":"https:\/\/definition.nanninga.me\/fd\/wp-json\/wp\/v2\/users\/1"}],"replies":[{"embeddable":true,"href":"https:\/\/definition.nanninga.me\/fd\/wp-json\/wp\/v2\/comments?post=166"}],"version-history":[{"count":13,"href":"https:\/\/definition.nanninga.me\/fd\/wp-json\/wp\/v2\/pages\/166\/revisions"}],"predecessor-version":[{"id":2218,"href":"https:\/\/definition.nanninga.me\/fd\/wp-json\/wp\/v2\/pages\/166\/revisions\/2218"}],"up":[{"embeddable":true,"href":"https:\/\/definition.nanninga.me\/fd\/wp-json\/wp\/v2\/pages\/120"}],"wp:attachment":[{"href":"https:\/\/definition.nanninga.me\/fd\/wp-json\/wp\/v2\/media?parent=166"}],"curies":[{"name":"wp","href":"https:\/\/api.w.org\/{rel}","templated":true}]}}