{"id":1506,"date":"2018-11-07T16:01:08","date_gmt":"2018-11-07T15:01:08","guid":{"rendered":"http:\/\/definition.nanninga.myds.me\/?page_id=1506"},"modified":"2021-12-08T21:44:14","modified_gmt":"2021-12-08T20:44:14","slug":"mainstream-list","status":"publish","type":"page","link":"https:\/\/definition.nanninga.me\/fd\/mainstream\/mainstream-list\/","title":{"rendered":"Mainstream List"},"content":{"rendered":"<p><span style=\"color: #ff0000;\"><strong>Status 06. March 2019<\/strong><\/span><\/p>\n<div class='jtrt_table_MotherShipContainer'><div class='jtTableContainer jtrespo-scroll  ' ><div class='jtsettingcontainer' style='display:none;position:absolute;left:-9999px;'><textarea data-jtrt-table-id='1503' id='jtrt_table_settings_1503' cols='30' rows='10'>[[[null],[\"<a href='https:\\\/\\\/definition.nanninga.me\\\/mainstream\\\/01-cloverleaf\\\/'>1. Cloverleaf<\\\/a>\"],[\"<a href='https:\\\/\\\/definition.nanninga.me\\\/mainstream\\\/02-turn-thru\\\/'>2. Turn Thru<\\\/a>\"],[\"<a href='https:\\\/\\\/definition.nanninga.me\\\/mainstream\\\/03-eight-chain-thru-eight-chain-1-2-3-etc\\\/'>3. Eight Chain Thru \\\/Eight Chain 1,2,3, Etc.<\\\/a>\"],[\"<a href='https:\\\/\\\/definition.nanninga.me\\\/mainstream\\\/04-pass-to-the-center\\\/'>4. Pass to the Center<\\\/a>\"],[\"<a href='https:\\\/\\\/definition.nanninga.me\\\/ms-11-17\\\/allemande-thar-family\\\/'>5. Thar Family<\\\/a>\"],[\"a. Allemande Thar\"],[\"b. Allemande Left to an Allemande Thar\"],[\"c. Wrong Way Thar\"],[\"<a href='https:\\\/\\\/definition.nanninga.me\\\/ms-11-17\\\/slip-the-clutch\\\/'>6. Slip the Clutch<\\\/a>\"],[\"<a href='https:\\\/\\\/definition.nanninga.me\\\/ms-11-17\\\/shoot-the-star\\\/'>7. Shoot the Star \\\/ Shoot the Star Full Around<\\\/a>\"],[\"<a href='https:\\\/\\\/definition.nanninga.me\\\/mainstream\\\/05-single-hinge-couples-hinge\\\/'>8. Single Hinge \\\/ Couples Hinge<\\\/a>\"],[\"<a href='https:\\\/\\\/definition.nanninga.me\\\/mainstream\\\/06-centers-in\\\/'>9. Centers In<\\\/a>\"],[\"<a href='https:\\\/\\\/definition.nanninga.me\\\/mainstream\\\/07-cast-off-3-4\\\/'>10. Cast Off 3\\\/4<\\\/a>\"],[\"<a href='https:\\\/\\\/definition.nanninga.me\\\/mainstream\\\/08-spin-the-top\\\/'>11. Spin the Top<\\\/a>\"],[\"<a href='https:\\\/\\\/definition.nanninga.me\\\/mainstream\\\/09-walk-and-dodge\\\/'>12. Walk and Dodge<\\\/a>\"],[\"<a href='https:\\\/\\\/definition.nanninga.me\\\/mainstream\\\/10-slide-thru\\\/'>13. Slide Thru<\\\/a>\"],[\"<a href='https:\\\/\\\/definition.nanninga.me\\\/ms-11-17\\\/11-fold-cross-fold\\\/'>14. Fold \\\/ Cross Fold<\\\/a>\"],[\"<a href='https:\\\/\\\/definition.nanninga.me\\\/ms-11-17\\\/12-dixie-style-to-an-ocean-wave\\\/'>15. Dixie Style to an Ocean Wave<\\\/a>\"],[\"<a href='https:\\\/\\\/definition.nanninga.me\\\/ms-11-17\\\/13-spin-chain-thru\\\/'>16. Spin Chain Thru<\\\/a>\"],[\"<a href='https:\\\/\\\/definition.nanninga.me\\\/ms-11-17\\\/14-tag-the-line-family\\\/'>17. Tag The Line Family<\\\/a>\"],[\"a. Tag the Line (In\\\/Out\\\/Left\\\/Right)\"],[\"b. Fraction (1\\\/4, 1\\\/2\\\/. 3\\\/4)Tag\"],[\"<a href='https:\\\/\\\/definition.nanninga.me\\\/ms-11-17\\\/16-scoot-back\\\/'>18. Scoot Back<\\\/a>\"],[\"<a href='https:\\\/\\\/definition.nanninga.me\\\/ms-11-17\\\/17-recycle-from-a-wave-only\\\/'>19. Recycle (From a Wave Only)<\\\/a>\"]],[{\"row\":0,\"col\":0,\"visualRow\":0,\"visualCol\":0,\"prop\":0},{\"row\":1,\"col\":0,\"visualRow\":1,\"visualCol\":0,\"prop\":0,\"jtcellstyle\":{\"font-weight\":\"bold\"}},{\"row\":2,\"col\":0,\"visualRow\":2,\"visualCol\":0,\"prop\":0,\"jtcellstyle\":{\"font-weight\":\"bold\"}},{\"row\":3,\"col\":0,\"visualRow\":3,\"visualCol\":0,\"prop\":0,\"jtcellstyle\":{\"font-weight\":\"bold\",\"font-style\":\"inherit\"}},{\"row\":4,\"col\":0,\"visualRow\":4,\"visualCol\":0,\"prop\":0,\"jtcellstyle\":{\"font-weight\":\"bold\"}},{\"row\":5,\"col\":0,\"visualRow\":5,\"visualCol\":0,\"prop\":0,\"jtcellstyle\":{\"font-weight\":\"bold\"}},{\"row\":6,\"col\":0,\"visualRow\":6,\"visualCol\":0,\"prop\":0},{\"row\":7,\"col\":0,\"visualRow\":7,\"visualCol\":0,\"prop\":0,\"jtcellstyle\":{\"font-style\":\"inherit\",\"font-weight\":\"inherit\"}},{\"row\":8,\"col\":0,\"visualRow\":8,\"visualCol\":0,\"prop\":0,\"jtcellstyle\":{\"font-style\":\"inherit\"}},{\"row\":9,\"col\":0,\"visualRow\":9,\"visualCol\":0,\"prop\":0,\"jtcellstyle\":{\"font-weight\":\"bold\"}},{\"row\":10,\"col\":0,\"visualRow\":10,\"visualCol\":0,\"prop\":0,\"jtcellstyle\":{\"font-weight\":\"bold\",\"font-style\":\"inherit\"}},{\"row\":11,\"col\":0,\"visualRow\":11,\"visualCol\":0,\"prop\":0,\"jtcellstyle\":{\"font-weight\":\"bold\"}},{\"row\":12,\"col\":0,\"visualRow\":12,\"visualCol\":0,\"prop\":0,\"jtcellstyle\":{\"font-weight\":\"bold\"}},{\"row\":13,\"col\":0,\"visualRow\":13,\"visualCol\":0,\"prop\":0,\"jtcellstyle\":{\"font-weight\":\"bold\"}},{\"row\":14,\"col\":0,\"visualRow\":14,\"visualCol\":0,\"prop\":0,\"jtcellstyle\":{\"font-style\":\"inherit\",\"font-weight\":\"bold\"}},{\"row\":15,\"col\":0,\"visualRow\":15,\"visualCol\":0,\"prop\":0,\"jtcellstyle\":{\"font-weight\":\"bold\"}},{\"row\":16,\"col\":0,\"visualRow\":16,\"visualCol\":0,\"prop\":0,\"jtcellstyle\":{\"font-weight\":\"bold\"}},{\"row\":17,\"col\":0,\"visualRow\":17,\"visualCol\":0,\"prop\":0,\"jtcellstyle\":{\"font-weight\":\"bold\",\"font-style\":\"inherit\"}},{\"row\":18,\"col\":0,\"visualRow\":18,\"visualCol\":0,\"prop\":0,\"jtcellstyle\":{\"font-weight\":\"bold\"}},{\"row\":19,\"col\":0,\"visualRow\":19,\"visualCol\":0,\"prop\":0,\"jtcellstyle\":{\"font-weight\":\"bold\"}},{\"row\":20,\"col\":0,\"visualRow\":20,\"visualCol\":0,\"prop\":0,\"jtcellstyle\":{\"font-weight\":\"bold\"}},{\"row\":21,\"col\":0,\"visualRow\":21,\"visualCol\":0,\"prop\":0,\"jtcellstyle\":{\"font-weight\":\"inherit\"}},{\"row\":22,\"col\":0,\"visualRow\":22,\"visualCol\":0,\"prop\":0,\"jtcellstyle\":{\"font-style\":\"inherit\"}},{\"row\":23,\"col\":0,\"visualRow\":23,\"visualCol\":0,\"prop\":0,\"jtcellstyle\":{\"font-style\":\"inherit\",\"font-weight\":\"bold\"}},{\"row\":24,\"col\":0,\"visualRow\":24,\"visualCol\":0,\"prop\":0,\"jtcellstyle\":{\"font-weight\":\"bold\"}}],[],[]]<\/textarea><textarea data-jtrt-table-id='1503' id='jtrt_table_bps_1503' cols='30' rows='10'>[]<\/textarea><\/div><table id='jtrt_table_1503' data-sorting='false' data-paging='false' data-paging-size='10' data-paging-menu='10,20,50,100' data-filtering='true' data-jtrt-table-id='1503' class='jtrt-table  ' ><thead><tr><th><\/th><\/tr><\/thead><tbody><tr><td><a href='https:\/\/definition.nanninga.me\/mainstream\/01-cloverleaf\/'>1. Cloverleaf<\/a><\/td><\/tr><tr><td><a href='https:\/\/definition.nanninga.me\/mainstream\/02-turn-thru\/'>2. Turn Thru<\/a><\/td><\/tr><tr><td><a href='https:\/\/definition.nanninga.me\/mainstream\/03-eight-chain-thru-eight-chain-1-2-3-etc\/'>3. Eight Chain Thru \/Eight Chain 1,2,3, Etc.<\/a><\/td><\/tr><tr><td><a href='https:\/\/definition.nanninga.me\/mainstream\/04-pass-to-the-center\/'>4. Pass to the Center<\/a><\/td><\/tr><tr><td><a href='https:\/\/definition.nanninga.me\/ms-11-17\/allemande-thar-family\/'>5. Thar Family<\/a><\/td><\/tr><tr><td>a. Allemande Thar<\/td><\/tr><tr><td>b. Allemande Left to an Allemande Thar<\/td><\/tr><tr><td>c. Wrong Way Thar<\/td><\/tr><tr><td><a href='https:\/\/definition.nanninga.me\/ms-11-17\/slip-the-clutch\/'>6. Slip the Clutch<\/a><\/td><\/tr><tr><td><a href='https:\/\/definition.nanninga.me\/ms-11-17\/shoot-the-star\/'>7. Shoot the Star \/ Shoot the Star Full Around<\/a><\/td><\/tr><tr><td><a href='https:\/\/definition.nanninga.me\/mainstream\/05-single-hinge-couples-hinge\/'>8. Single Hinge \/ Couples Hinge<\/a><\/td><\/tr><tr><td><a href='https:\/\/definition.nanninga.me\/mainstream\/06-centers-in\/'>9. Centers In<\/a><\/td><\/tr><tr><td><a href='https:\/\/definition.nanninga.me\/mainstream\/07-cast-off-3-4\/'>10. Cast Off 3\/4<\/a><\/td><\/tr><tr><td><a href='https:\/\/definition.nanninga.me\/mainstream\/08-spin-the-top\/'>11. Spin the Top<\/a><\/td><\/tr><tr><td><a href='https:\/\/definition.nanninga.me\/mainstream\/09-walk-and-dodge\/'>12. Walk and Dodge<\/a><\/td><\/tr><tr><td><a href='https:\/\/definition.nanninga.me\/mainstream\/10-slide-thru\/'>13. Slide Thru<\/a><\/td><\/tr><tr><td><a href='https:\/\/definition.nanninga.me\/ms-11-17\/11-fold-cross-fold\/'>14. Fold \/ Cross Fold<\/a><\/td><\/tr><tr><td><a href='https:\/\/definition.nanninga.me\/ms-11-17\/12-dixie-style-to-an-ocean-wave\/'>15. Dixie Style to an Ocean Wave<\/a><\/td><\/tr><tr><td><a href='https:\/\/definition.nanninga.me\/ms-11-17\/13-spin-chain-thru\/'>16. Spin Chain Thru<\/a><\/td><\/tr><tr><td><a href='https:\/\/definition.nanninga.me\/ms-11-17\/14-tag-the-line-family\/'>17. Tag The Line Family<\/a><\/td><\/tr><tr><td>a. Tag the Line (In\/Out\/Left\/Right)<\/td><\/tr><tr><td>b. Fraction (1\/4, 1\/2\/. 3\/4)Tag<\/td><\/tr><tr><td><a href='https:\/\/definition.nanninga.me\/ms-11-17\/16-scoot-back\/'>18. Scoot Back<\/a><\/td><\/tr><tr><td><a href='https:\/\/definition.nanninga.me\/ms-11-17\/17-recycle-from-a-wave-only\/'>19. Recycle (From a Wave Only)<\/a><\/td><\/tr><\/tbody><\/table><\/div><\/div>\n<p><strong>Caller werden daran erinnert, ihre Calls auf das angek\u00fcndigte Programm zu beschr\u00e4nken. Calls von einer anderen Liste als angek\u00fcndigt sollten nicht benutzt werden, es sei denn sie werden erst einmal Schritt f\u00fcr Schritt erkl\u00e4rt oder ausf\u00fchrlich unterrichtet.\u00a0<\/strong><\/p>\n<p><strong>*Vorgeschlagene Teaching<\/strong> Order (Reihenfolge, in der die Calls unterrichtet werden sollen). Kursiv geschriebene Calls k\u00f6nnen in der Reihenfolge sp\u00e4ter unterrichtet werden. Die vorgeschlagene Reihenfolge wird mit einem *Stern gekennzeichnet.<\/p>\n<p>CALLERLAB empfiehlt, dass das MAINSTREAM Programm (Calls 1-19) in nicht weniger als 15 Stunden unterrichtet wird. CALLERLAB empfiehlt auch, das die Calls von mehr als einer einzigen Position (Formation und Arrangement) unterrichtet wird, und das Styling und Timing Teil des Unterrichts ist.<\/p>\n<p>NOTIZ AN VERANSTALTER<\/p>\n<p>Es gibt KEIN Programm Mainstream\/Plus! Es wird von keinem T\u00e4nzer erwartet Plus Calls zu kennen, wenn eine \u00f6ffentlichen Mainstream Veranstaltung angek\u00fcndigt ist. Bitte k\u00fcndigen sie Veranstaltungen als Mainstram oder Plus &#8211; jedoch nicht als Mainstream\/Plus an.<\/p>\n<p>Diese Listen werden mit freundlicher Genehmigung von CALLERLAB und Ihren lokalen CALLERLAB-Callern zur Verf\u00fcgung gestellt.<\/p>\n<div class=\"pdfprnt-buttons pdfprnt-buttons-page pdfprnt-bottom-left\"><a href=\"https:\/\/definition.nanninga.me\/fd\/wp-json\/wp\/v2\/pages\/1506?print=print\" class=\"pdfprnt-button pdfprnt-button-print\" target=\"_blank\" ><img decoding=\"async\" src=\"https:\/\/definition.nanninga.me\/wp-content\/plugins\/pdf-print\/images\/print.png\" alt=\"image_print\" title=\"Inhalt drucken\" \/><span class=\"pdfprnt-button-title pdfprnt-button-print-title\">Print Page<\/span><\/a><\/div>","protected":false},"excerpt":{"rendered":"<p>Status 06. March 2019 Caller werden daran erinnert, ihre Calls auf das angek\u00fcndigte Programm zu beschr\u00e4nken. Calls von einer anderen Liste als angek\u00fcndigt sollten nicht benutzt werden, es sei denn sie werden erst einmal Schritt f\u00fcr Schritt erkl\u00e4rt oder ausf\u00fchrlich <span class=\"excerpt-dots\">&hellip;<\/span> <a class=\"more-link\" href=\"https:\/\/definition.nanninga.me\/fd\/mainstream\/mainstream-list\/\"><span class=\"more-msg\">Weiterlesen &rarr;<\/span><\/a><\/p>\n","protected":false},"author":1,"featured_media":0,"parent":20,"menu_order":0,"comment_status":"closed","ping_status":"closed","template":"","meta":{"footnotes":""},"class_list":["post-1506","page","type-page","status-publish","hentry"],"translation":{"provider":"WPGlobus","version":"3.0.2","language":"fd","enabled_languages":["de","en","fd"],"languages":{"de":{"title":true,"content":true,"excerpt":false},"en":{"title":false,"content":true,"excerpt":false},"fd":{"title":false,"content":false,"excerpt":false}}},"_links":{"self":[{"href":"https:\/\/definition.nanninga.me\/fd\/wp-json\/wp\/v2\/pages\/1506","targetHints":{"allow":["GET"]}}],"collection":[{"href":"https:\/\/definition.nanninga.me\/fd\/wp-json\/wp\/v2\/pages"}],"about":[{"href":"https:\/\/definition.nanninga.me\/fd\/wp-json\/wp\/v2\/types\/page"}],"author":[{"embeddable":true,"href":"https:\/\/definition.nanninga.me\/fd\/wp-json\/wp\/v2\/users\/1"}],"replies":[{"embeddable":true,"href":"https:\/\/definition.nanninga.me\/fd\/wp-json\/wp\/v2\/comments?post=1506"}],"version-history":[{"count":7,"href":"https:\/\/definition.nanninga.me\/fd\/wp-json\/wp\/v2\/pages\/1506\/revisions"}],"predecessor-version":[{"id":2371,"href":"https:\/\/definition.nanninga.me\/fd\/wp-json\/wp\/v2\/pages\/1506\/revisions\/2371"}],"up":[{"embeddable":true,"href":"https:\/\/definition.nanninga.me\/fd\/wp-json\/wp\/v2\/pages\/20"}],"wp:attachment":[{"href":"https:\/\/definition.nanninga.me\/fd\/wp-json\/wp\/v2\/media?parent=1506"}],"curies":[{"name":"wp","href":"https:\/\/api.w.org\/{rel}","templated":true}]}}