{"id":148,"date":"2018-10-19T21:17:39","date_gmt":"2018-10-19T19:17:39","guid":{"rendered":"http:\/\/definition.nanninga.myds.me\/?page_id=148"},"modified":"2021-12-06T08:48:55","modified_gmt":"2021-12-06T07:48:55","slug":"15-courtesy-turn","status":"publish","type":"page","link":"https:\/\/definition.nanninga.me\/fd\/basic-1-10-20\/15-courtesy-turn\/","title":{"rendered":"15. Courtesy turn"},"content":{"rendered":"<ul>\n<li>Im Mainstream k\u00f6nnen dies immer nur Mann und Frau tanzen (Mann dreht Frau). Leider ignorieren einige Caller diese feste Vorgabe oft.<\/li>\n<li>Der Call geht bis alle zur Mitte des Sets (Square oder Linie sehen).<\/li>\n<li>Oft in Kombination mit anderen Calls (Ladies chain; Chain down the line; Right and left thru; Dopaso; 8 Chain Family). Alle diese Calls gehen (im Mainstream) nur mit Boy\/Girl<\/li>\n<\/ul>\n<div style=\"width: 640px;\" class=\"wp-video\"><video class=\"wp-video-shortcode\" id=\"video-148-1\" width=\"640\" height=\"480\" preload=\"metadata\" controls=\"controls\"><source type=\"video\/mp4\" src=\"https:\/\/definition.nanninga.me\/wp-content\/uploads\/2019\/01\/B15-Courtesy-Turn.mp4?_=1\" \/><a href=\"https:\/\/definition.nanninga.me\/wp-content\/uploads\/2019\/01\/B15-Courtesy-Turn.mp4\">https:\/\/definition.nanninga.me\/wp-content\/uploads\/2019\/01\/B15-Courtesy-Turn.mp4<\/a><\/video><\/div>\n<p>Besonderheit in einer Animation: and a quarter more; Bei dieser zus\u00e4tzlichen Ansage drehen sich die T\u00e4nzer beim Courtesy Turn ein Viertel mehr als \u00fcblich (z.B: Right and left thru and 1\/4 more )<\/p>\n<div style=\"width: 332px;\" class=\"wp-video\"><video class=\"wp-video-shortcode\" id=\"video-148-2\" width=\"332\" height=\"304\" preload=\"metadata\" controls=\"controls\"><source type=\"video\/mp4\" src=\"https:\/\/definition.nanninga.me\/wp-content\/uploads\/2019\/02\/B15-CourtesyTurnand14more.mp4?_=2\" \/><a href=\"https:\/\/definition.nanninga.me\/wp-content\/uploads\/2019\/02\/B15-CourtesyTurnand14more.mp4\">https:\/\/definition.nanninga.me\/wp-content\/uploads\/2019\/02\/B15-CourtesyTurnand14more.mp4<\/a><\/video><\/div>\n<p>&nbsp;<\/p>\n<div class=\"pdfprnt-buttons pdfprnt-buttons-page pdfprnt-bottom-left\"><a href=\"https:\/\/definition.nanninga.me\/fd\/wp-json\/wp\/v2\/pages\/148?print=print\" class=\"pdfprnt-button pdfprnt-button-print\" target=\"_blank\" ><img decoding=\"async\" src=\"https:\/\/definition.nanninga.me\/wp-content\/plugins\/pdf-print\/images\/print.png\" alt=\"image_print\" title=\"Inhalt drucken\" \/><span class=\"pdfprnt-button-title pdfprnt-button-print-title\">Print Page<\/span><\/a><\/div>","protected":false},"excerpt":{"rendered":"<p>Im Mainstream k\u00f6nnen dies immer nur Mann und Frau tanzen (Mann dreht Frau). Leider ignorieren einige Caller diese feste Vorgabe oft. Der Call geht bis alle zur Mitte des Sets (Square oder Linie sehen). Oft in Kombination mit anderen Calls <span class=\"excerpt-dots\">&hellip;<\/span> <a class=\"more-link\" href=\"https:\/\/definition.nanninga.me\/fd\/basic-1-10-20\/15-courtesy-turn\/\"><span class=\"more-msg\">Weiterlesen &rarr;<\/span><\/a><\/p>\n","protected":false},"author":1,"featured_media":0,"parent":120,"menu_order":0,"comment_status":"closed","ping_status":"closed","template":"","meta":{"footnotes":""},"class_list":["post-148","page","type-page","status-publish","hentry"],"translation":{"provider":"WPGlobus","version":"3.0.2","language":"fd","enabled_languages":["de","en","fd"],"languages":{"de":{"title":true,"content":true,"excerpt":false},"en":{"title":true,"content":true,"excerpt":false},"fd":{"title":true,"content":true,"excerpt":false}}},"_links":{"self":[{"href":"https:\/\/definition.nanninga.me\/fd\/wp-json\/wp\/v2\/pages\/148","targetHints":{"allow":["GET"]}}],"collection":[{"href":"https:\/\/definition.nanninga.me\/fd\/wp-json\/wp\/v2\/pages"}],"about":[{"href":"https:\/\/definition.nanninga.me\/fd\/wp-json\/wp\/v2\/types\/page"}],"author":[{"embeddable":true,"href":"https:\/\/definition.nanninga.me\/fd\/wp-json\/wp\/v2\/users\/1"}],"replies":[{"embeddable":true,"href":"https:\/\/definition.nanninga.me\/fd\/wp-json\/wp\/v2\/comments?post=148"}],"version-history":[{"count":13,"href":"https:\/\/definition.nanninga.me\/fd\/wp-json\/wp\/v2\/pages\/148\/revisions"}],"predecessor-version":[{"id":2216,"href":"https:\/\/definition.nanninga.me\/fd\/wp-json\/wp\/v2\/pages\/148\/revisions\/2216"}],"up":[{"embeddable":true,"href":"https:\/\/definition.nanninga.me\/fd\/wp-json\/wp\/v2\/pages\/120"}],"wp:attachment":[{"href":"https:\/\/definition.nanninga.me\/fd\/wp-json\/wp\/v2\/media?parent=148"}],"curies":[{"name":"wp","href":"https:\/\/api.w.org\/{rel}","templated":true}]}}