{"id":142,"date":"2018-10-19T21:13:43","date_gmt":"2018-10-19T19:13:43","guid":{"rendered":"http:\/\/definition.nanninga.myds.me\/?page_id=142"},"modified":"2021-12-06T08:45:12","modified_gmt":"2021-12-06T07:45:12","slug":"14-split-two","status":"publish","type":"page","link":"https:\/\/definition.nanninga.me\/fd\/basic-1-10-20\/14-split-two\/","title":{"rendered":"14. Split Two"},"content":{"rendered":"<ul>\n<li>\u00c4hnlich wie Pass Thru; ABER beide T\u00e4nzer gehen durch die Mitte<\/li>\n<li>Die \u00e4u\u00dferen: Fahrstuhlt\u00fcr auf; Fahrstuhlt\u00fcr zu.<\/li>\n<li>Split 2 ist ein eigenst\u00e4ndiger Call. Da es SEHR h\u00e4ufig zusammen mit Separate angesagt wird, laufen viele T\u00e4nzer gleich los (Separate). Dies ist nicht korrekt.<\/li>\n<\/ul>\n<p>Die Demonstration im Video sollte ausreichen. Eine separate Animation wurde nicht erstellt.<\/p>\n<div style=\"width: 640px;\" class=\"wp-video\"><video class=\"wp-video-shortcode\" id=\"video-142-1\" width=\"640\" height=\"480\" preload=\"metadata\" controls=\"controls\"><source type=\"video\/mp4\" src=\"https:\/\/definition.nanninga.me\/wp-content\/uploads\/2019\/01\/B14-Split-two.mp4?_=1\" \/><a href=\"https:\/\/definition.nanninga.me\/wp-content\/uploads\/2019\/01\/B14-Split-two.mp4\">https:\/\/definition.nanninga.me\/wp-content\/uploads\/2019\/01\/B14-Split-two.mp4<\/a><\/video><\/div>\n<p>&nbsp;<\/p>\n<div class=\"pdfprnt-buttons pdfprnt-buttons-page pdfprnt-bottom-left\"><a href=\"https:\/\/definition.nanninga.me\/fd\/wp-json\/wp\/v2\/pages\/142?print=print\" class=\"pdfprnt-button pdfprnt-button-print\" target=\"_blank\" ><img decoding=\"async\" src=\"https:\/\/definition.nanninga.me\/wp-content\/plugins\/pdf-print\/images\/print.png\" alt=\"image_print\" title=\"Inhalt drucken\" \/><span class=\"pdfprnt-button-title pdfprnt-button-print-title\">Print Page<\/span><\/a><\/div>","protected":false},"excerpt":{"rendered":"<p>\u00c4hnlich wie Pass Thru; ABER beide T\u00e4nzer gehen durch die Mitte Die \u00e4u\u00dferen: Fahrstuhlt\u00fcr auf; Fahrstuhlt\u00fcr zu. Split 2 ist ein eigenst\u00e4ndiger Call. Da es SEHR h\u00e4ufig zusammen mit Separate angesagt wird, laufen viele T\u00e4nzer gleich los (Separate). Dies ist <span class=\"excerpt-dots\">&hellip;<\/span> <a class=\"more-link\" href=\"https:\/\/definition.nanninga.me\/fd\/basic-1-10-20\/14-split-two\/\"><span class=\"more-msg\">Weiterlesen &rarr;<\/span><\/a><\/p>\n","protected":false},"author":1,"featured_media":0,"parent":120,"menu_order":0,"comment_status":"closed","ping_status":"closed","template":"","meta":{"footnotes":""},"class_list":["post-142","page","type-page","status-publish","hentry"],"translation":{"provider":"WPGlobus","version":"3.0.2","language":"fd","enabled_languages":["de","en","fd"],"languages":{"de":{"title":true,"content":true,"excerpt":false},"en":{"title":true,"content":true,"excerpt":false},"fd":{"title":false,"content":true,"excerpt":false}}},"_links":{"self":[{"href":"https:\/\/definition.nanninga.me\/fd\/wp-json\/wp\/v2\/pages\/142","targetHints":{"allow":["GET"]}}],"collection":[{"href":"https:\/\/definition.nanninga.me\/fd\/wp-json\/wp\/v2\/pages"}],"about":[{"href":"https:\/\/definition.nanninga.me\/fd\/wp-json\/wp\/v2\/types\/page"}],"author":[{"embeddable":true,"href":"https:\/\/definition.nanninga.me\/fd\/wp-json\/wp\/v2\/users\/1"}],"replies":[{"embeddable":true,"href":"https:\/\/definition.nanninga.me\/fd\/wp-json\/wp\/v2\/comments?post=142"}],"version-history":[{"count":10,"href":"https:\/\/definition.nanninga.me\/fd\/wp-json\/wp\/v2\/pages\/142\/revisions"}],"predecessor-version":[{"id":2215,"href":"https:\/\/definition.nanninga.me\/fd\/wp-json\/wp\/v2\/pages\/142\/revisions\/2215"}],"up":[{"embeddable":true,"href":"https:\/\/definition.nanninga.me\/fd\/wp-json\/wp\/v2\/pages\/120"}],"wp:attachment":[{"href":"https:\/\/definition.nanninga.me\/fd\/wp-json\/wp\/v2\/media?parent=142"}],"curies":[{"name":"wp","href":"https:\/\/api.w.org\/{rel}","templated":true}]}}