{"id":136,"date":"2018-10-19T21:04:41","date_gmt":"2018-10-19T19:04:41","guid":{"rendered":"http:\/\/definition.nanninga.myds.me\/?page_id=136"},"modified":"2021-12-06T08:42:34","modified_gmt":"2021-12-06T07:42:34","slug":"13-separate","status":"publish","type":"page","link":"https:\/\/definition.nanninga.me\/fd\/basic-1-10-20\/13-separate\/","title":{"rendered":"13. Separate"},"content":{"rendered":"<p>Zun\u00e4chst einmal schauen wir uns ein Video an:<\/p>\n<div style=\"width: 640px;\" class=\"wp-video\"><video class=\"wp-video-shortcode\" id=\"video-136-1\" width=\"640\" height=\"480\" preload=\"metadata\" controls=\"controls\"><source type=\"video\/mp4\" src=\"https:\/\/definition.nanninga.me\/wp-content\/uploads\/2019\/01\/B13-Separate.mp4?_=1\" \/><a href=\"https:\/\/definition.nanninga.me\/wp-content\/uploads\/2019\/01\/B13-Separate.mp4\">https:\/\/definition.nanninga.me\/wp-content\/uploads\/2019\/01\/B13-Separate.mp4<\/a><\/video><\/div>\n<p>In dem Video wird der Call so gezeigt wie er am h\u00e4ufigsten angesagt wird:<\/p>\n<ul>\n<li>Angesprochen (oder Aktive) drehen sich R\u00fccken an R\u00fccken<\/li>\n<li>Gehen dann um die Nicht-Aktiven T\u00e4nzer herum (um 1,2,3,&#8230; wie angesagt)<\/li>\n<li>Kommt ein anderer T\u00e4nzer entgegen, wird er rechts-schultrig passiert; dieser T\u00e4nzer z\u00e4hlt bei der angesagten Anzahl NICHT mit.<\/li>\n<li>Kommen dann in die Mitte oder bilden eine Linie (wie angesagt)<\/li>\n<li>Wichtig: Wirklich um die angesagte Anzahl ganz herum!<\/li>\n<\/ul>\n<p>Hier dies noch mal in Animation:<\/p>\n<div style=\"width: 290px;\" class=\"wp-video\"><video class=\"wp-video-shortcode\" id=\"video-136-2\" width=\"290\" height=\"270\" preload=\"metadata\" controls=\"controls\"><source type=\"video\/mp4\" src=\"https:\/\/definition.nanninga.me\/wp-content\/uploads\/2019\/01\/B13-Separate-1.mp4?_=2\" \/><a href=\"https:\/\/definition.nanninga.me\/wp-content\/uploads\/2019\/01\/B13-Separate-1.mp4\">https:\/\/definition.nanninga.me\/wp-content\/uploads\/2019\/01\/B13-Separate-1.mp4<\/a><\/video><\/div>\n<p>Weniger bekannt ist der allgemeine Fall (ohne around x). Auch der Fall wird in der obigen Animation gezeigt.<\/p>\n<ul>\n<li>R\u00fccken an R\u00fccken und dann vorw\u00e4rts bis man eine weitere Person trifft<\/li>\n<li>Dort ist der Call zu Ende und man wartet auf die n\u00e4chste Ansage<\/li>\n<li>Dabei die neue Position beachten<\/li>\n<\/ul>\n<p>&nbsp;<\/p>\n<p>&nbsp;<\/p>\n<div class=\"pdfprnt-buttons pdfprnt-buttons-page pdfprnt-bottom-left\"><a href=\"https:\/\/definition.nanninga.me\/fd\/wp-json\/wp\/v2\/pages\/136?print=print\" class=\"pdfprnt-button pdfprnt-button-print\" target=\"_blank\" ><img decoding=\"async\" src=\"https:\/\/definition.nanninga.me\/wp-content\/plugins\/pdf-print\/images\/print.png\" alt=\"image_print\" title=\"Inhalt drucken\" \/><span class=\"pdfprnt-button-title pdfprnt-button-print-title\">Print Page<\/span><\/a><\/div>","protected":false},"excerpt":{"rendered":"<p>Zun\u00e4chst einmal schauen wir uns ein Video an: In dem Video wird der Call so gezeigt wie er am h\u00e4ufigsten angesagt wird: Angesprochen (oder Aktive) drehen sich R\u00fccken an R\u00fccken Gehen dann um die Nicht-Aktiven T\u00e4nzer herum (um 1,2,3,&#8230; wie <span class=\"excerpt-dots\">&hellip;<\/span> <a class=\"more-link\" href=\"https:\/\/definition.nanninga.me\/fd\/basic-1-10-20\/13-separate\/\"><span class=\"more-msg\">Weiterlesen &rarr;<\/span><\/a><\/p>\n","protected":false},"author":1,"featured_media":0,"parent":120,"menu_order":0,"comment_status":"closed","ping_status":"closed","template":"","meta":{"footnotes":""},"class_list":["post-136","page","type-page","status-publish","hentry"],"translation":{"provider":"WPGlobus","version":"3.0.2","language":"fd","enabled_languages":["de","en","fd"],"languages":{"de":{"title":true,"content":true,"excerpt":false},"en":{"title":true,"content":true,"excerpt":false},"fd":{"title":false,"content":true,"excerpt":false}}},"_links":{"self":[{"href":"https:\/\/definition.nanninga.me\/fd\/wp-json\/wp\/v2\/pages\/136","targetHints":{"allow":["GET"]}}],"collection":[{"href":"https:\/\/definition.nanninga.me\/fd\/wp-json\/wp\/v2\/pages"}],"about":[{"href":"https:\/\/definition.nanninga.me\/fd\/wp-json\/wp\/v2\/types\/page"}],"author":[{"embeddable":true,"href":"https:\/\/definition.nanninga.me\/fd\/wp-json\/wp\/v2\/users\/1"}],"replies":[{"embeddable":true,"href":"https:\/\/definition.nanninga.me\/fd\/wp-json\/wp\/v2\/comments?post=136"}],"version-history":[{"count":15,"href":"https:\/\/definition.nanninga.me\/fd\/wp-json\/wp\/v2\/pages\/136\/revisions"}],"predecessor-version":[{"id":2214,"href":"https:\/\/definition.nanninga.me\/fd\/wp-json\/wp\/v2\/pages\/136\/revisions\/2214"}],"up":[{"embeddable":true,"href":"https:\/\/definition.nanninga.me\/fd\/wp-json\/wp\/v2\/pages\/120"}],"wp:attachment":[{"href":"https:\/\/definition.nanninga.me\/fd\/wp-json\/wp\/v2\/media?parent=136"}],"curies":[{"name":"wp","href":"https:\/\/api.w.org\/{rel}","templated":true}]}}