{"id":129,"date":"2018-10-19T20:57:56","date_gmt":"2018-10-19T18:57:56","guid":{"rendered":"http:\/\/definition.nanninga.myds.me\/?page_id=129"},"modified":"2021-12-06T08:34:25","modified_gmt":"2021-12-06T07:34:25","slug":"12-turn-back-family","status":"publish","type":"page","link":"https:\/\/definition.nanninga.me\/fd\/basic-1-10-20\/12-turn-back-family\/","title":{"rendered":"12. Turn Back Family"},"content":{"rendered":"<ol>\n<li><strong>U-Turn-Back<\/strong><\/li>\n<\/ol>\n<ul>\n<li>Auf der Stelle umdrehen (gegen\u00fcberliegende Wand ansehen)<\/li>\n<li>Die Definition beschreibt ausf\u00fchrlich, in welche Richtung man sich drehen sollte<\/li>\n<li>In der Praxis erkennt man oft nicht was die optimale Drehrichtung ist. Dann in beliebiger Richtung drehen (Hauptsache 180 Grad!).<div style=\"width: 640px;\" class=\"wp-video\"><video class=\"wp-video-shortcode\" id=\"video-129-1\" width=\"640\" height=\"480\" preload=\"metadata\" controls=\"controls\"><source type=\"video\/mp4\" src=\"https:\/\/definition.nanninga.me\/wp-content\/uploads\/2019\/01\/B12-U-turn-back.mp4?_=1\" \/><a href=\"https:\/\/definition.nanninga.me\/wp-content\/uploads\/2019\/01\/B12-U-turn-back.mp4\">https:\/\/definition.nanninga.me\/wp-content\/uploads\/2019\/01\/B12-U-turn-back.mp4<\/a><\/video><\/div><\/li>\n<\/ul>\n<p>&nbsp;<\/p>\n<p><strong>2. Backtrack<\/strong><\/p>\n<ul>\n<li>Aus einer Promenade (Star Promenade oder Single File Promenade)<\/li>\n<li>180 Grad \u00fcber \u00e4u\u00dfere Schulter (in kleinem Halbkreis); die anderen gehen vorw\u00e4rts weiter<\/li>\n<li>Danach ist die Figur im Prinzip beendet (Wie im Video zu sehen)<\/li>\n<li>Sehr h\u00e4ufig erfolgen weitere Anweisungen (When you meet your partner\/corner &#8230;.); Dann erwartet der Caller das man vorw\u00e4rts weiter geht (2 Kreisbahnen, die gegeneinander laufen) und den folgenden Call dann ausf\u00fchrt.<br \/>\n<div style=\"width: 640px;\" class=\"wp-video\"><video class=\"wp-video-shortcode\" id=\"video-129-2\" width=\"640\" height=\"480\" preload=\"metadata\" controls=\"controls\"><source type=\"video\/mp4\" src=\"https:\/\/definition.nanninga.me\/wp-content\/uploads\/2019\/01\/B12-Backtrack.mp4?_=2\" \/><a href=\"https:\/\/definition.nanninga.me\/wp-content\/uploads\/2019\/01\/B12-Backtrack.mp4\">https:\/\/definition.nanninga.me\/wp-content\/uploads\/2019\/01\/B12-Backtrack.mp4<\/a><\/video><\/div><\/li>\n<\/ul>\n<p>Hier noch eine Animation zu Backtrack aus verschiedenen Positionen:<\/p>\n<div style=\"width: 290px;\" class=\"wp-video\"><video class=\"wp-video-shortcode\" id=\"video-129-3\" width=\"290\" height=\"270\" preload=\"metadata\" controls=\"controls\"><source type=\"video\/mp4\" src=\"https:\/\/definition.nanninga.me\/wp-content\/uploads\/2019\/01\/B12-Backtrack-1.mp4?_=3\" \/><a href=\"https:\/\/definition.nanninga.me\/wp-content\/uploads\/2019\/01\/B12-Backtrack-1.mp4\">https:\/\/definition.nanninga.me\/wp-content\/uploads\/2019\/01\/B12-Backtrack-1.mp4<\/a><\/video><\/div>\n<p>&nbsp;<\/p>\n<div class=\"pdfprnt-buttons pdfprnt-buttons-page pdfprnt-bottom-left\"><a href=\"https:\/\/definition.nanninga.me\/fd\/wp-json\/wp\/v2\/pages\/129?print=print\" class=\"pdfprnt-button pdfprnt-button-print\" target=\"_blank\" ><img decoding=\"async\" src=\"https:\/\/definition.nanninga.me\/wp-content\/plugins\/pdf-print\/images\/print.png\" alt=\"image_print\" title=\"Inhalt drucken\" \/><span class=\"pdfprnt-button-title pdfprnt-button-print-title\">Print Page<\/span><\/a><\/div>","protected":false},"excerpt":{"rendered":"<p>U-Turn-Back Auf der Stelle umdrehen (gegen\u00fcberliegende Wand ansehen) Die Definition beschreibt ausf\u00fchrlich, in welche Richtung man sich drehen sollte In der Praxis erkennt man oft nicht was die optimale Drehrichtung ist. Dann in beliebiger Richtung drehen (Hauptsache 180 Grad!). &nbsp; <span class=\"excerpt-dots\">&hellip;<\/span> <a class=\"more-link\" href=\"https:\/\/definition.nanninga.me\/fd\/basic-1-10-20\/12-turn-back-family\/\"><span class=\"more-msg\">Weiterlesen &rarr;<\/span><\/a><\/p>\n","protected":false},"author":1,"featured_media":0,"parent":120,"menu_order":0,"comment_status":"closed","ping_status":"closed","template":"","meta":{"footnotes":""},"class_list":["post-129","page","type-page","status-publish","hentry"],"translation":{"provider":"WPGlobus","version":"3.0.2","language":"fd","enabled_languages":["de","en","fd"],"languages":{"de":{"title":true,"content":true,"excerpt":false},"en":{"title":true,"content":true,"excerpt":false},"fd":{"title":false,"content":true,"excerpt":false}}},"_links":{"self":[{"href":"https:\/\/definition.nanninga.me\/fd\/wp-json\/wp\/v2\/pages\/129","targetHints":{"allow":["GET"]}}],"collection":[{"href":"https:\/\/definition.nanninga.me\/fd\/wp-json\/wp\/v2\/pages"}],"about":[{"href":"https:\/\/definition.nanninga.me\/fd\/wp-json\/wp\/v2\/types\/page"}],"author":[{"embeddable":true,"href":"https:\/\/definition.nanninga.me\/fd\/wp-json\/wp\/v2\/users\/1"}],"replies":[{"embeddable":true,"href":"https:\/\/definition.nanninga.me\/fd\/wp-json\/wp\/v2\/comments?post=129"}],"version-history":[{"count":13,"href":"https:\/\/definition.nanninga.me\/fd\/wp-json\/wp\/v2\/pages\/129\/revisions"}],"predecessor-version":[{"id":2213,"href":"https:\/\/definition.nanninga.me\/fd\/wp-json\/wp\/v2\/pages\/129\/revisions\/2213"}],"up":[{"embeddable":true,"href":"https:\/\/definition.nanninga.me\/fd\/wp-json\/wp\/v2\/pages\/120"}],"wp:attachment":[{"href":"https:\/\/definition.nanninga.me\/fd\/wp-json\/wp\/v2\/media?parent=129"}],"curies":[{"name":"wp","href":"https:\/\/api.w.org\/{rel}","templated":true}]}}