{"id":123,"date":"2018-10-19T20:50:02","date_gmt":"2018-10-19T18:50:02","guid":{"rendered":"http:\/\/definition.nanninga.myds.me\/?page_id=123"},"modified":"2021-12-06T08:31:13","modified_gmt":"2021-12-06T07:31:13","slug":"11-half-sashay-family","status":"publish","type":"page","link":"https:\/\/definition.nanninga.me\/fd\/basic-1-10-20\/11-half-sashay-family\/","title":{"rendered":"11. Half Sashay Family"},"content":{"rendered":"<p><strong>1. 1\/2 Sashay<\/strong><\/p>\n<ul>\n<li>Platztausch ohne Blickrichtung zu wechseln<\/li>\n<li>IMMER rechts vor links (egal ob Boy oder Girl)<\/li>\n<li>M\u00f6glich: 1\/2 Sashay &#8222;Once and a half = 1-1\/2&#8220;; dann steht anschlie\u00dfend der rechte T\u00e4nzer vor dem linken<\/li>\n<\/ul>\n<div style=\"width: 640px;\" class=\"wp-video\"><video class=\"wp-video-shortcode\" id=\"video-123-1\" width=\"640\" height=\"480\" preload=\"metadata\" controls=\"controls\"><source type=\"video\/mp4\" src=\"https:\/\/definition.nanninga.me\/wp-content\/uploads\/2019\/01\/B11-Half-Sashay.mp4?_=1\" \/><a href=\"https:\/\/definition.nanninga.me\/wp-content\/uploads\/2019\/01\/B11-Half-Sashay.mp4\">https:\/\/definition.nanninga.me\/wp-content\/uploads\/2019\/01\/B11-Half-Sashay.mp4<\/a><\/video><\/div>\n<p><strong>2. Rollaway<\/strong><\/p>\n<ul>\n<li>Am h\u00e4ufigsten aus einem Circle angewendet<\/li>\n<li>Wenn bei einem einzelnen Paar angewendet entspricht es 1\/2 sashay; jedoch mit anderem Bewegungsablauf<\/li>\n<li>360 Grad Drehung vor dem anderen T\u00e4nzer<\/li>\n<li>H\u00e4nde wechseln<\/li>\n<li>Hier geht kein 1-1\/2<\/li>\n<\/ul>\n<div style=\"width: 640px;\" class=\"wp-video\"><video class=\"wp-video-shortcode\" id=\"video-123-2\" width=\"640\" height=\"480\" preload=\"metadata\" controls=\"controls\"><source type=\"video\/mp4\" src=\"https:\/\/definition.nanninga.me\/wp-content\/uploads\/2019\/01\/B11-Rollaway.mp4?_=2\" \/><a href=\"https:\/\/definition.nanninga.me\/wp-content\/uploads\/2019\/01\/B11-Rollaway.mp4\">https:\/\/definition.nanninga.me\/wp-content\/uploads\/2019\/01\/B11-Rollaway.mp4<\/a><\/video><\/div>\n<p><strong>3. Ladies in; Men sashay<\/strong><\/p>\n<ul>\n<li>Auf der Kreisbahn mit abwechselnd Boy\/Girl<\/li>\n<li>Auch m\u00f6glich: Boys in; Girls sashay<\/li>\n<li>Angesprochene T\u00e4nzer gehen in die Mitte; die anderen au\u00dfen in Tanzrichtung<\/li>\n<li>Danach wieder normaler Circle<\/li>\n<\/ul>\n<div style=\"width: 640px;\" class=\"wp-video\"><video class=\"wp-video-shortcode\" id=\"video-123-3\" width=\"640\" height=\"480\" preload=\"metadata\" controls=\"controls\"><source type=\"video\/mp4\" src=\"https:\/\/definition.nanninga.me\/wp-content\/uploads\/2019\/01\/B11-LIMS.mp4?_=3\" \/><a href=\"https:\/\/definition.nanninga.me\/wp-content\/uploads\/2019\/01\/B11-LIMS.mp4\">https:\/\/definition.nanninga.me\/wp-content\/uploads\/2019\/01\/B11-LIMS.mp4<\/a><\/video><\/div>\n<div class=\"pdfprnt-buttons pdfprnt-buttons-page pdfprnt-bottom-left\"><a href=\"https:\/\/definition.nanninga.me\/fd\/wp-json\/wp\/v2\/pages\/123?print=print\" class=\"pdfprnt-button pdfprnt-button-print\" target=\"_blank\" ><img decoding=\"async\" src=\"https:\/\/definition.nanninga.me\/wp-content\/plugins\/pdf-print\/images\/print.png\" alt=\"image_print\" title=\"Inhalt drucken\" \/><span class=\"pdfprnt-button-title pdfprnt-button-print-title\">Print Page<\/span><\/a><\/div>","protected":false},"excerpt":{"rendered":"<p>1. 1\/2 Sashay Platztausch ohne Blickrichtung zu wechseln IMMER rechts vor links (egal ob Boy oder Girl) M\u00f6glich: 1\/2 Sashay &#8222;Once and a half = 1-1\/2&#8220;; dann steht anschlie\u00dfend der rechte T\u00e4nzer vor dem linken 2. Rollaway Am h\u00e4ufigsten aus <span class=\"excerpt-dots\">&hellip;<\/span> <a class=\"more-link\" href=\"https:\/\/definition.nanninga.me\/fd\/basic-1-10-20\/11-half-sashay-family\/\"><span class=\"more-msg\">Weiterlesen &rarr;<\/span><\/a><\/p>\n","protected":false},"author":1,"featured_media":0,"parent":120,"menu_order":0,"comment_status":"closed","ping_status":"closed","template":"","meta":{"footnotes":""},"class_list":["post-123","page","type-page","status-publish","hentry"],"translation":{"provider":"WPGlobus","version":"3.0.2","language":"fd","enabled_languages":["de","en","fd"],"languages":{"de":{"title":true,"content":true,"excerpt":false},"en":{"title":true,"content":true,"excerpt":false},"fd":{"title":true,"content":true,"excerpt":false}}},"_links":{"self":[{"href":"https:\/\/definition.nanninga.me\/fd\/wp-json\/wp\/v2\/pages\/123","targetHints":{"allow":["GET"]}}],"collection":[{"href":"https:\/\/definition.nanninga.me\/fd\/wp-json\/wp\/v2\/pages"}],"about":[{"href":"https:\/\/definition.nanninga.me\/fd\/wp-json\/wp\/v2\/types\/page"}],"author":[{"embeddable":true,"href":"https:\/\/definition.nanninga.me\/fd\/wp-json\/wp\/v2\/users\/1"}],"replies":[{"embeddable":true,"href":"https:\/\/definition.nanninga.me\/fd\/wp-json\/wp\/v2\/comments?post=123"}],"version-history":[{"count":14,"href":"https:\/\/definition.nanninga.me\/fd\/wp-json\/wp\/v2\/pages\/123\/revisions"}],"predecessor-version":[{"id":2212,"href":"https:\/\/definition.nanninga.me\/fd\/wp-json\/wp\/v2\/pages\/123\/revisions\/2212"}],"up":[{"embeddable":true,"href":"https:\/\/definition.nanninga.me\/fd\/wp-json\/wp\/v2\/pages\/120"}],"wp:attachment":[{"href":"https:\/\/definition.nanninga.me\/fd\/wp-json\/wp\/v2\/media?parent=123"}],"curies":[{"name":"wp","href":"https:\/\/api.w.org\/{rel}","templated":true}]}}