{"id":102,"date":"2018-10-19T20:27:57","date_gmt":"2018-10-19T18:27:57","guid":{"rendered":"http:\/\/definition.nanninga.myds.me\/?page_id=102"},"modified":"2026-02-16T20:18:03","modified_gmt":"2026-02-16T19:18:03","slug":"09-left-hand-star-right-hand-star","status":"publish","type":"page","link":"https:\/\/definition.nanninga.me\/fd\/basic1\/09-left-hand-star-right-hand-star\/","title":{"rendered":"09 Star Family"},"content":{"rendered":"<ul>\n<li>Angegebene Hand in die Mitte der Formation strecken<\/li>\n<li>Vorw\u00e4rts in den Kreis gehen<\/li>\n<li>Stern drehen (Handhaltung siehe Video)<\/li>\n<li>Meist ein Stern aus 4 T\u00e4nzern; Es k\u00f6nnen aber auch nur 3 oder 2 angesprochen werden; damit kann man auch z.B. einen &#8222;Right hand Star with your Partner&#8220; machen.<\/li>\n<li>Es k\u00f6nnen 1\/4; 1\/2 oder auch 3\/4 und &#8222;Full around&#8220; angesagt werden<\/li>\n<\/ul>\n<div style=\"width: 640px;\" class=\"wp-video\"><video class=\"wp-video-shortcode\" id=\"video-102-1\" width=\"640\" height=\"480\" preload=\"metadata\" controls=\"controls\"><source type=\"video\/mp4\" src=\"https:\/\/definition.nanninga.me\/wp-content\/uploads\/2019\/01\/B09-Star-Familiy.mp4?_=1\" \/><a href=\"https:\/\/definition.nanninga.me\/wp-content\/uploads\/2019\/01\/B09-Star-Familiy.mp4\">https:\/\/definition.nanninga.me\/wp-content\/uploads\/2019\/01\/B09-Star-Familiy.mp4<\/a><\/video><\/div>\n<p>Im Video gehen diejenigen, die den Handstern gemacht haben gleich wieder auf Ihre Ausgangsposition. H\u00e4ufiger erfolgt dann eine andere Ansage (z.B. Allemande left Corner; Pick up Partner Star Promenade; Turn Partner right; Dosado Partner (Corner) &#8230;)<\/p>\n<div style=\"width: 290px;\" class=\"wp-video\"><video class=\"wp-video-shortcode\" id=\"video-102-2\" width=\"290\" height=\"270\" preload=\"metadata\" controls=\"controls\"><source type=\"video\/mp4\" src=\"https:\/\/definition.nanninga.me\/wp-content\/uploads\/2019\/01\/B09-Anim-Star-Family.mp4?_=2\" \/><a href=\"https:\/\/definition.nanninga.me\/wp-content\/uploads\/2019\/01\/B09-Anim-Star-Family.mp4\">https:\/\/definition.nanninga.me\/wp-content\/uploads\/2019\/01\/B09-Anim-Star-Family.mp4<\/a><\/video><\/div>\n<p>Besonderheit: 2 aufeinanderfolgende Handsterne; z.B. &#8222;Right Hand Star with the Outsides&#8220; und dann einen &#8222;Left hand Star&#8220; in der Mitte.\u00a0 Sieht gut aus; Ergebnis ist aber: Man steht wieder vor der gleichen Person, wie vor der Ausf\u00fchrung der beiden Calls.<\/p>\n<div style=\"width: 290px;\" class=\"wp-video\"><video class=\"wp-video-shortcode\" id=\"video-102-3\" width=\"290\" height=\"270\" preload=\"metadata\" controls=\"controls\"><source type=\"video\/mp4\" src=\"https:\/\/definition.nanninga.me\/wp-content\/uploads\/2019\/01\/B09-Anim-RHStar-LhStar.mp4?_=3\" \/><a href=\"https:\/\/definition.nanninga.me\/wp-content\/uploads\/2019\/01\/B09-Anim-RHStar-LhStar.mp4\">https:\/\/definition.nanninga.me\/wp-content\/uploads\/2019\/01\/B09-Anim-RHStar-LhStar.mp4<\/a><\/video><\/div>\n<p>&nbsp;<\/p>\n<p>&nbsp;<\/p>\n<div>Taminations mit allen m\u00f6glichen Varianten von Hand Stars<\/div>\n<p><iframe loading=\"lazy\" style=\"border: 1px solid #ccc; border-radius: 8px;\" title=\"Taminations Square Dance Animation\" src=\"https:\/\/www.tamtwirlers.org\/taminations\/#\/?level=Basic+1&amp;animnum=0&amp;animname=RightHandStarfromFacingCouples&amp;link=b1\/star&amp;main=ANIMLIST&amp;detail=CALLS\" width=\"100%\" height=\"600\"><\/iframe> \u00a0 \u00a0 <iframe loading=\"lazy\" title=\"YouTube video player\" src=\"https:\/\/www.youtube.com\/embed\/yLebXcRZeSg?si=9F9iSLZAkv7PtyFJ&amp;clip=UgkxKe4VR-IAzE9DHydLSDUfAjjA9-gB_Csp&amp;clipt=EPCTCRi48ws\" width=\"560\" height=\"315\" frameborder=\"0\" allowfullscreen=\"allowfullscreen\"><\/iframe><\/p>\n<div class=\"pdfprnt-buttons pdfprnt-buttons-page pdfprnt-bottom-left\"><a href=\"https:\/\/definition.nanninga.me\/fd\/wp-json\/wp\/v2\/pages\/102?print=print\" class=\"pdfprnt-button pdfprnt-button-print\" target=\"_blank\" ><img decoding=\"async\" src=\"https:\/\/definition.nanninga.me\/wp-content\/plugins\/pdf-print\/images\/print.png\" alt=\"image_print\" title=\"Inhalt drucken\" \/><span class=\"pdfprnt-button-title pdfprnt-button-print-title\">Print Page<\/span><\/a><\/div>","protected":false},"excerpt":{"rendered":"<p>Angegebene Hand in die Mitte der Formation strecken Vorw\u00e4rts in den Kreis gehen Stern drehen (Handhaltung siehe Video) Meist ein Stern aus 4 T\u00e4nzern; Es k\u00f6nnen aber auch nur 3 oder 2 angesprochen werden; damit kann man auch z.B. einen <span class=\"excerpt-dots\">&hellip;<\/span> <a class=\"more-link\" href=\"https:\/\/definition.nanninga.me\/fd\/basic1\/09-left-hand-star-right-hand-star\/\"><span class=\"more-msg\">Weiterlesen &rarr;<\/span><\/a><\/p>\n","protected":false},"author":1,"featured_media":0,"parent":14,"menu_order":0,"comment_status":"closed","ping_status":"closed","template":"","meta":{"footnotes":""},"class_list":["post-102","page","type-page","status-publish","hentry"],"translation":{"provider":"WPGlobus","version":"3.0.2","language":"fd","enabled_languages":["de","en","fd"],"languages":{"de":{"title":true,"content":true,"excerpt":false},"en":{"title":true,"content":true,"excerpt":false},"fd":{"title":true,"content":true,"excerpt":false}}},"_links":{"self":[{"href":"https:\/\/definition.nanninga.me\/fd\/wp-json\/wp\/v2\/pages\/102","targetHints":{"allow":["GET"]}}],"collection":[{"href":"https:\/\/definition.nanninga.me\/fd\/wp-json\/wp\/v2\/pages"}],"about":[{"href":"https:\/\/definition.nanninga.me\/fd\/wp-json\/wp\/v2\/types\/page"}],"author":[{"embeddable":true,"href":"https:\/\/definition.nanninga.me\/fd\/wp-json\/wp\/v2\/users\/1"}],"replies":[{"embeddable":true,"href":"https:\/\/definition.nanninga.me\/fd\/wp-json\/wp\/v2\/comments?post=102"}],"version-history":[{"count":13,"href":"https:\/\/definition.nanninga.me\/fd\/wp-json\/wp\/v2\/pages\/102\/revisions"}],"predecessor-version":[{"id":2793,"href":"https:\/\/definition.nanninga.me\/fd\/wp-json\/wp\/v2\/pages\/102\/revisions\/2793"}],"up":[{"embeddable":true,"href":"https:\/\/definition.nanninga.me\/fd\/wp-json\/wp\/v2\/pages\/14"}],"wp:attachment":[{"href":"https:\/\/definition.nanninga.me\/fd\/wp-json\/wp\/v2\/media?parent=102"}],"curies":[{"name":"wp","href":"https:\/\/api.w.org\/{rel}","templated":true}]}}