{"id":2536,"date":"2025-11-05T08:28:19","date_gmt":"2025-11-05T07:28:19","guid":{"rendered":"https:\/\/definition.nanninga.myds.me\/?page_id=2536"},"modified":"2025-11-05T08:28:19","modified_gmt":"2025-11-05T07:28:19","slug":"aktive-caller-in-deutschland","status":"publish","type":"page","link":"https:\/\/definition.nanninga.me\/en\/sd-artikel\/aktive-caller-in-deutschland\/","title":{"rendered":"Aktive Caller in Deutschland"},"content":{"rendered":"<p>Bereits vor 4 Jahren habe ich eine Statistik \u00fcber die Clubs in Deutschland erstellt und vor ein paar Tagen auf den letzten Stand gebracht. Daf\u00fcr habe ich alle Websites der Clubs besucht. Diese Informationen sind im Zweifel wohl aktueller als bei EAASDC\/ECTA hinterlegt. Auch habe ich Clubs aufgenommen, die nicht bei diesen Organisationen gemeldet sind. Einige Adressen existieren noch bei EAASDC &#8211; es finden aber eine Clubabende mehr statt. Diese habe ich gel\u00f6scht.<\/p>\n<p>Wen die Details interessieren kann unter <a href=\"https:\/\/definition.nanninga.me\/clubs-in-deutschland\/\">https:\/\/definition.nanninga.me\/clubs-in-deutschland\/<\/a> nachlesen.<\/p>\n<p>Beim Besuch der Websites habe ich dann auch versucht einmal einen Status der <strong>AKTIVEN<\/strong> Caller zu ermitteln. Aktiv sind f\u00fcr mich Caller, die <strong>regelm\u00e4\u00dfig<\/strong> bei einem Club callen (und nicht wie bei ECTA, wer sich irgendwie 3 Unterschriften ergattert und dann alle 4 Jahre auf einer Jamboree auftaucht).<\/p>\n<p>Es stellte sich als gar nicht so einfach heraus. Warum?:<\/p>\n<p>&#8211; Viele Clubs haben 2 oder mehr Caller; teilweise callen diese beiden bei keinem anderen Club<br \/>\n&#8211; Viele Caller callen f\u00fcr 2 oder mehr (bis zu 7) Clubs<br \/>\n&#8211; Einige Clubs nennen auf Ihrer Homepage keinen Caller<br \/>\n&#8211; Einige Clubs arbeiten bewusst mit wechselnden Callern<\/p>\n<p>Hier sind die Zahlen, die ich ermitteln konnte. Als Ausgangspunkt ermittele ich zun\u00e4chst einmal die Anzahl der Clubs, die einen Caller ben\u00f6tigen:<\/p>\n<p>&#8211; In meiner Statistik tauchen 397 Vereine auf.<br \/>\n&#8211; Darunter sind 33 Vereine, f\u00fcr die ich Online keinerlei Informationen finden konnte, bzw. Clubs die nur noch einmal im Jahr tanzen. Sollten die Clubs noch tanzen, so gibt es\u00a0 \u00a0 \u00a0 \u00a0dort evtl. auch noch einige nicht erfasste Caller.<br \/>\n&#8211; <span style=\"color: #ff0000;\"><strong>Verbleiben 364 Vereine, die einen Caller ben\u00f6tigen.<\/strong><\/span><\/p>\n<p>In meiner \u00dcbersicht habe ich<span style=\"text-decoration: underline; color: #ff0000;\"> <strong>290 Namen<\/strong> <\/span>gefunden. Also auf den ersten Blick fehlen 74 Caller.<\/p>\n<p><span style=\"color: #ff0000;\">Davon callen jedoch<\/span><\/p>\n<p><span style=\"color: #ff0000;\">&#8211; 168 Caller nur f\u00fcr einen Verein<\/span><br \/>\n<span style=\"color: #ff0000;\">&#8211; 73 Caller regelm\u00e4\u00dfig f\u00fcr 2 Vereine<\/span><br \/>\n<span style=\"color: #ff0000;\">&#8211; 35 f\u00fcr 3 Vereine<\/span><br \/>\n<span style=\"color: #ff0000;\">&#8211; der Rest callt sogar f\u00fcr mehr als 3 Vereine<\/span><\/p>\n<p>Dabei habe ich nicht ber\u00fccksichtigt wenn ein Caller auch einmal einen Gastauftritt bei anderen Vereinen hat.<\/p>\n<p>Weiterhin habe ich <strong>30 Clubs gefunden, die mit wechselnden Callern<\/strong> arbeiten &#8211; teilweise aus der Not (weil man keinen permanenten Caller findet); aber auch ganz bewusst, weil man mehr Abwechslung haben will. Die Namen dieser Caller (soweit genannt) sind aber in meiner \u00dcbersicht enthalten.<\/p>\n<p>Bei <strong>25 Clubs konnte ich keinerlei Erw\u00e4hnung eines Callers finden.<\/strong> Warum dies nicht geschieht kann man nur raten. Man m\u00f6chte sich nicht zum Caller bekennen? Man hat keinen und arbeitet ebenfalls mit wechselnden Callern? Ich gehe aber davon aus, dass sich die Namen in meiner Liste finden w\u00fcrden.<\/p>\n<p>Also sind alle Clubs mit Callern versorgt (168+2 mal 73 + 3 mal 35) = 419. Danach haben wir, wenn man einmal regionale Schranken wegl\u00e4sst, sogar zu viele Caller. Aber es l\u00e4sst sich auch feststellen, dass so gut wie alle Caller nur im begrenzten Gebiet ihres Heimatortes unterwegs sind &#8211; also kaum einer professionell als Caller arbeitet. Daher gibt es regional wohl gr\u00f6\u00dfere Unterschiede.<\/p>\n<p>Sobald dann aber ein Caller, der mehrere Clubs versorgt ausf\u00e4llt wird es f\u00fcr die betroffenen Clubs schwierig. Auch sind Clubs und Caller oft so eng verbandelt, dass nach Abgang eines Callers der Club h\u00e4ufig auch seine Pforten schlie\u00dft.<\/p>\n<p>Ein anderer Aspekt wird aber sehr deutlich, wenn man die einzelnen Websites besucht. Das Alter der Caller wird ja nicht ver\u00f6ffentlicht &#8211; aber wenn man die Bilder anschaut (soweit ver\u00f6ffentlicht), wei\u00df man, dass der \u00fcberwiegende Anteil der Caller jenseits der 50, sehr viele auch schon im Rentenalter sind.<\/p>\n<p>Also nicht nur die T\u00e4nzer altern, sondern insbesondere auch die Caller. Daher ist meine Schlu\u00dffolgerung:<\/p>\n<p>&#8211; <strong><span style=\"color: #0000ff;\">wir brauchen schnell j\u00fcngeren Callernachwuchs, der \u00fcbernehmen kann wenn Caller aus Altersgr\u00fcnden aufh\u00f6ren (m\u00fcssen).<\/span><\/strong><br \/>\n<strong><span style=\"color: #0000ff;\">&#8211; Da die meisten Caller schon lange &#8220;im Gesch\u00e4ft&#8221; sind und einen gro\u00dfen Erfahrungsschatz angeh\u00e4uft haben, w\u00e4re es nun an der Zeit dieses Wissen weiterzugeben.<\/span><\/strong><\/p>\n<p><span style=\"color: #339966;\">Ich denke, wenn es uns nicht gelingt in absehbarer Zeit Caller-Nachwuchs zu akquirieren, wird es sehr schwierig werden. Insofern besteht unser Problem nicht in der Anzahl der Figuren, sondern Caller-Nachwuchs und damit auch j\u00fcngere T\u00e4nzer zu gewinnen.<\/span><\/p>\n<div class=\"pdfprnt-buttons pdfprnt-buttons-page pdfprnt-bottom-left\"><a href=\"https:\/\/definition.nanninga.me\/en\/wp-json\/wp\/v2\/pages\/2536?print=print\" class=\"pdfprnt-button pdfprnt-button-print\" target=\"_blank\" ><img decoding=\"async\" src=\"https:\/\/definition.nanninga.me\/wp-content\/plugins\/pdf-print\/images\/print.png\" alt=\"image_print\" title=\"Print Content\" \/><span class=\"pdfprnt-button-title pdfprnt-button-print-title\">Print Page<\/span><\/a><\/div>","protected":false},"excerpt":{"rendered":"<p>Bereits vor 4 Jahren habe ich eine Statistik \u00fcber die Clubs in Deutschland erstellt und vor ein paar Tagen auf den letzten Stand gebracht. Daf\u00fcr habe ich alle Websites der Clubs besucht. Diese Informationen sind im Zweifel wohl aktueller als <span class=\"excerpt-dots\">&hellip;<\/span> <a class=\"more-link\" href=\"https:\/\/definition.nanninga.me\/en\/sd-artikel\/aktive-caller-in-deutschland\/\"><span class=\"more-msg\">Continue reading &rarr;<\/span><\/a><\/p>\n","protected":false},"author":1,"featured_media":0,"parent":2481,"menu_order":0,"comment_status":"closed","ping_status":"closed","template":"","meta":{"footnotes":""},"class_list":["post-2536","page","type-page","status-publish","hentry"],"translation":{"provider":"WPGlobus","version":"3.0.2","language":"en","enabled_languages":["de","en","fd"],"languages":{"de":{"title":true,"content":true,"excerpt":false},"en":{"title":false,"content":false,"excerpt":false},"fd":{"title":false,"content":false,"excerpt":false}}},"_links":{"self":[{"href":"https:\/\/definition.nanninga.me\/en\/wp-json\/wp\/v2\/pages\/2536","targetHints":{"allow":["GET"]}}],"collection":[{"href":"https:\/\/definition.nanninga.me\/en\/wp-json\/wp\/v2\/pages"}],"about":[{"href":"https:\/\/definition.nanninga.me\/en\/wp-json\/wp\/v2\/types\/page"}],"author":[{"embeddable":true,"href":"https:\/\/definition.nanninga.me\/en\/wp-json\/wp\/v2\/users\/1"}],"replies":[{"embeddable":true,"href":"https:\/\/definition.nanninga.me\/en\/wp-json\/wp\/v2\/comments?post=2536"}],"version-history":[{"count":1,"href":"https:\/\/definition.nanninga.me\/en\/wp-json\/wp\/v2\/pages\/2536\/revisions"}],"predecessor-version":[{"id":2537,"href":"https:\/\/definition.nanninga.me\/en\/wp-json\/wp\/v2\/pages\/2536\/revisions\/2537"}],"up":[{"embeddable":true,"href":"https:\/\/definition.nanninga.me\/en\/wp-json\/wp\/v2\/pages\/2481"}],"wp:attachment":[{"href":"https:\/\/definition.nanninga.me\/en\/wp-json\/wp\/v2\/media?parent=2536"}],"curies":[{"name":"wp","href":"https:\/\/api.w.org\/{rel}","templated":true}]}}